{"id":29,"date":"2019-02-08T15:47:44","date_gmt":"2019-02-08T15:47:44","guid":{"rendered":"http:\/\/kantorakennus.fi\/?page_id=29"},"modified":"2020-01-31T07:41:44","modified_gmt":"2020-01-31T07:41:44","slug":"referenssit","status":"publish","type":"page","link":"https:\/\/kantorakennus.fi\/index.php\/referenssit\/","title":{"rendered":"Referenssit"},"content":{"rendered":"\n<h3 class=\"wp-block-heading\">Yrityksemme toiminta on kuluneiden vuosikymmenten aikana ollut eritt\u00e4in monipuolista. Urakointikohteina ovat olleet niin pientalot kuin teollisuus- ja julkiset rakennukset. Nyt meilt\u00e4 my\u00f6s siirrett\u00e4v\u00e4t saunat, paljulla tai ilman, ota yhteytt\u00e4 Kaitsuun niin suunnitellaan sinulle sopiva kokonaisuus.<\/h3>\n\n\n\n<figure class=\"wp-block-image size-large\"><img loading=\"lazy\" decoding=\"async\" width=\"683\" height=\"1024\" src=\"http:\/\/kantorakennus.fi\/wp-content\/uploads\/2020\/01\/IMG_7610-683x1024.jpg\" alt=\"\" class=\"wp-image-114\" srcset=\"https:\/\/kantorakennus.fi\/wp-content\/uploads\/2020\/01\/IMG_7610-683x1024.jpg 683w, https:\/\/kantorakennus.fi\/wp-content\/uploads\/2020\/01\/IMG_7610-200x300.jpg 200w, https:\/\/kantorakennus.fi\/wp-content\/uploads\/2020\/01\/IMG_7610-768x1152.jpg 768w, https:\/\/kantorakennus.fi\/wp-content\/uploads\/2020\/01\/IMG_7610-1024x1536.jpg 1024w, https:\/\/kantorakennus.fi\/wp-content\/uploads\/2020\/01\/IMG_7610-1365x2048.jpg 1365w, https:\/\/kantorakennus.fi\/wp-content\/uploads\/2020\/01\/IMG_7610-scaled.jpg 1707w\" sizes=\"(max-width: 683px) 100vw, 683px\" \/><\/figure>\n\n\n\n<figure class=\"wp-block-image size-large\"><img loading=\"lazy\" decoding=\"async\" width=\"1024\" height=\"683\" src=\"http:\/\/kantorakennus.fi\/wp-content\/uploads\/2020\/01\/IMG_7613-1-1024x683.jpg\" alt=\"\" class=\"wp-image-115\" srcset=\"https:\/\/kantorakennus.fi\/wp-content\/uploads\/2020\/01\/IMG_7613-1-1024x683.jpg 1024w, https:\/\/kantorakennus.fi\/wp-content\/uploads\/2020\/01\/IMG_7613-1-300x200.jpg 300w, https:\/\/kantorakennus.fi\/wp-content\/uploads\/2020\/01\/IMG_7613-1-768x512.jpg 768w, https:\/\/kantorakennus.fi\/wp-content\/uploads\/2020\/01\/IMG_7613-1-1536x1024.jpg 1536w, https:\/\/kantorakennus.fi\/wp-content\/uploads\/2020\/01\/IMG_7613-1-2048x1365.jpg 2048w\" sizes=\"(max-width: 1024px) 100vw, 1024px\" \/><\/figure>\n\n\n\n<figure class=\"wp-block-image size-large\"><img loading=\"lazy\" decoding=\"async\" width=\"683\" height=\"1024\" src=\"http:\/\/kantorakennus.fi\/wp-content\/uploads\/2020\/01\/IMG_7638-2-683x1024.jpg\" alt=\"\" class=\"wp-image-116\" srcset=\"https:\/\/kantorakennus.fi\/wp-content\/uploads\/2020\/01\/IMG_7638-2-683x1024.jpg 683w, https:\/\/kantorakennus.fi\/wp-content\/uploads\/2020\/01\/IMG_7638-2-200x300.jpg 200w, https:\/\/kantorakennus.fi\/wp-content\/uploads\/2020\/01\/IMG_7638-2-768x1152.jpg 768w, https:\/\/kantorakennus.fi\/wp-content\/uploads\/2020\/01\/IMG_7638-2-1024x1536.jpg 1024w, https:\/\/kantorakennus.fi\/wp-content\/uploads\/2020\/01\/IMG_7638-2-1365x2048.jpg 1365w, https:\/\/kantorakennus.fi\/wp-content\/uploads\/2020\/01\/IMG_7638-2-scaled.jpg 1707w\" sizes=\"(max-width: 683px) 100vw, 683px\" \/><\/figure>\n\n\n\n<figure class=\"wp-block-image size-large\"><img loading=\"lazy\" decoding=\"async\" width=\"683\" height=\"1024\" src=\"http:\/\/kantorakennus.fi\/wp-content\/uploads\/2020\/01\/IMG_7648-2-683x1024.jpg\" alt=\"\" class=\"wp-image-117\" srcset=\"https:\/\/kantorakennus.fi\/wp-content\/uploads\/2020\/01\/IMG_7648-2-683x1024.jpg 683w, https:\/\/kantorakennus.fi\/wp-content\/uploads\/2020\/01\/IMG_7648-2-200x300.jpg 200w, https:\/\/kantorakennus.fi\/wp-content\/uploads\/2020\/01\/IMG_7648-2-768x1152.jpg 768w, https:\/\/kantorakennus.fi\/wp-content\/uploads\/2020\/01\/IMG_7648-2-1024x1536.jpg 1024w, https:\/\/kantorakennus.fi\/wp-content\/uploads\/2020\/01\/IMG_7648-2-1365x2048.jpg 1365w, https:\/\/kantorakennus.fi\/wp-content\/uploads\/2020\/01\/IMG_7648-2-scaled.jpg 1707w\" sizes=\"(max-width: 683px) 100vw, 683px\" \/><\/figure>\n\n\n\n<figure class=\"wp-block-image size-large\"><img loading=\"lazy\" decoding=\"async\" width=\"683\" height=\"1024\" src=\"http:\/\/kantorakennus.fi\/wp-content\/uploads\/2020\/01\/IMG_7653-1-683x1024.jpg\" alt=\"\" class=\"wp-image-118\" srcset=\"https:\/\/kantorakennus.fi\/wp-content\/uploads\/2020\/01\/IMG_7653-1-683x1024.jpg 683w, https:\/\/kantorakennus.fi\/wp-content\/uploads\/2020\/01\/IMG_7653-1-200x300.jpg 200w, https:\/\/kantorakennus.fi\/wp-content\/uploads\/2020\/01\/IMG_7653-1-768x1152.jpg 768w, https:\/\/kantorakennus.fi\/wp-content\/uploads\/2020\/01\/IMG_7653-1-1024x1536.jpg 1024w, https:\/\/kantorakennus.fi\/wp-content\/uploads\/2020\/01\/IMG_7653-1-1365x2048.jpg 1365w, https:\/\/kantorakennus.fi\/wp-content\/uploads\/2020\/01\/IMG_7653-1-scaled.jpg 1707w\" sizes=\"(max-width: 683px) 100vw, 683px\" \/><\/figure>\n\n\n\n<figure class=\"wp-block-image size-large\"><img loading=\"lazy\" decoding=\"async\" width=\"1024\" height=\"683\" src=\"http:\/\/kantorakennus.fi\/wp-content\/uploads\/2020\/01\/IMG_7689-1-1024x683.jpg\" alt=\"\" class=\"wp-image-119\" srcset=\"https:\/\/kantorakennus.fi\/wp-content\/uploads\/2020\/01\/IMG_7689-1-1024x683.jpg 1024w, https:\/\/kantorakennus.fi\/wp-content\/uploads\/2020\/01\/IMG_7689-1-300x200.jpg 300w, https:\/\/kantorakennus.fi\/wp-content\/uploads\/2020\/01\/IMG_7689-1-768x512.jpg 768w, https:\/\/kantorakennus.fi\/wp-content\/uploads\/2020\/01\/IMG_7689-1-1536x1024.jpg 1536w, https:\/\/kantorakennus.fi\/wp-content\/uploads\/2020\/01\/IMG_7689-1-2048x1365.jpg 2048w\" sizes=\"(max-width: 1024px) 100vw, 1024px\" \/><\/figure>\n\n\n\n<figure class=\"wp-block-table\"><table class=\"\"><tbody><tr><td><strong>Yrityksemme toteuttamia kohteita 2000-luvulla ovat mm. seuraavat:<\/strong><\/td><\/tr><\/tbody><\/table><\/figure>\n\n\n\n<div class=\"wp-block-columns has-2-columns is-layout-flex wp-container-core-columns-is-layout-1 wp-block-columns-is-layout-flex\">\n<div class=\"wp-block-column is-layout-flow wp-block-column-is-layout-flow\">\n<ul><li>Utaj\u00e4rven seurakuntakeskuksen saneeraus<\/li><li>As. Oy Muhoksen Kangaslukkari (7 huoneistoa)<\/li><li>ABC Vaalanportti<\/li><li>Oulun pes\u00e4pallostadion, pukutilat<\/li><li>Muhoksen kk koulukeskus ala-asteen luokkatiloja<\/li><li>Kaukol\u00e4mp\u00f6laitos, Muhos, Leppiniemi<\/li><\/ul>\n<\/div>\n\n\n\n<div class=\"wp-block-column is-layout-flow wp-block-column-is-layout-flow\">\n<ul><li>Piril\u00e4n toimintakeskus, Kempele<\/li><li>Useita ok- ja paritaloasuntoja (n. 20 huoneistoa)<\/li><li>As. Oy Kauppurienkatu 5, Oulu (autotallit)<\/li><li>As. Oy Muhoksen Viljatie (7 huoneistoa)<\/li><li>Useita pienempi\u00e4 huoneistoremontteja<\/li><li>As. Oy Muhoksen Rovastinrinne, sauna ja pesuhuoneremontit 12 huoneistoa<\/li><\/ul>\n<\/div>\n<\/div>\n","protected":false},"excerpt":{"rendered":"<p>Yrityksemme toiminta on kuluneiden vuosikymmenten aikana ollut eritt\u00e4in monipuolista. Urakointikohteina ovat olleet niin pientalot kuin teollisuus- ja julkiset rakennukset. Nyt meilt\u00e4 my\u00f6s siirrett\u00e4v\u00e4t saunat, paljulla tai ilman, ota yhteytt\u00e4 Kaitsuun &#8230; <\/p>\n<div class=\"text-center\"><a class=\"more-link\" href=\"https:\/\/kantorakennus.fi\/index.php\/referenssit\/\">Read More <i class=\"fa fa-angle-double-right\"><\/i><\/a><\/div>\n","protected":false},"author":2,"featured_media":0,"parent":0,"menu_order":0,"comment_status":"closed","ping_status":"closed","template":"","meta":{"footnotes":""},"_links":{"self":[{"href":"https:\/\/kantorakennus.fi\/index.php\/wp-json\/wp\/v2\/pages\/29"}],"collection":[{"href":"https:\/\/kantorakennus.fi\/index.php\/wp-json\/wp\/v2\/pages"}],"about":[{"href":"https:\/\/kantorakennus.fi\/index.php\/wp-json\/wp\/v2\/types\/page"}],"author":[{"embeddable":true,"href":"https:\/\/kantorakennus.fi\/index.php\/wp-json\/wp\/v2\/users\/2"}],"replies":[{"embeddable":true,"href":"https:\/\/kantorakennus.fi\/index.php\/wp-json\/wp\/v2\/comments?post=29"}],"version-history":[{"count":2,"href":"https:\/\/kantorakennus.fi\/index.php\/wp-json\/wp\/v2\/pages\/29\/revisions"}],"predecessor-version":[{"id":120,"href":"https:\/\/kantorakennus.fi\/index.php\/wp-json\/wp\/v2\/pages\/29\/revisions\/120"}],"wp:attachment":[{"href":"https:\/\/kantorakennus.fi\/index.php\/wp-json\/wp\/v2\/media?parent=29"}],"curies":[{"name":"wp","href":"https:\/\/api.w.org\/{rel}","templated":true}]}}