{"id":12,"date":"2019-02-08T15:36:18","date_gmt":"2019-02-08T15:36:18","guid":{"rendered":"http:\/\/kantorakennus.fi\/?page_id=12"},"modified":"2019-02-08T15:36:18","modified_gmt":"2019-02-08T15:36:18","slug":"rakentavasti-vuodesta-1975","status":"publish","type":"page","link":"https:\/\/kantorakennus.fi\/","title":{"rendered":"Rakentavasti vuodesta 1975"},"content":{"rendered":"\n<div class=\"wp-block-image\"><figure class=\"alignright\"><a href=\"web\/wp-content\/uploads\/2014\/09\/PL_LOGO_Kanto_Rakennus_Oy_FI_391220_web.jpg\"><img decoding=\"async\" src=\"web\/wp-content\/uploads\/2014\/09\/PL_LOGO_Kanto_Rakennus_Oy_FI_391220_web-150x150.jpg\" alt=\"PL_LOGO_Kanto_Rakennus_Oy_FI_391220_web\" class=\"wp-image-243\"\/><\/a><\/figure><\/div>\n\n\n\n<p>Kalevi Kanto aloitti rakennusalan yritt\u00e4j\u00e4n\u00e4 huhtikuussa 1975. Osakeyhti\u00f6muotoisena perheyrityksen\u00e4 yhti\u00f6mme on toiminut vuodesta 1994. Talvella 2011 yrityksess\u00e4mme tehtiin sukupolven vaihdos jonka seurauksena koko osakekanta siirtyi 1.4.2011 Kaj Kannolle.<\/p>\n\n\n\n<p>Yrityksemme toiminta on kuluneiden vuosikymmenten aikana ollut eritt\u00e4in monipuolista. Kohteinamme ovat olleet niin pientalot kuin teollisuus- ja julkiset rakennukset. Sukupolven vaihdoksen my\u00f6t\u00e4 jatkamme jo perinteiseksi tullutta luotettavaa ja laadukasta ty\u00f6t\u00e4 sek\u00e4 uudisrakentamisessa ett\u00e4 peruskorjauksissa.<\/p>\n\n\n\n<p>2016 rekister\u00f6itiin aputoiminimi K &amp; P Kanto joka vastaa muusta kuin rakentamiseen liittyv\u00e4st\u00e4 toiminnasta, esim. kiinteist\u00f6nhoito ja huippukylm\u00e4.<\/p>\n","protected":false},"excerpt":{"rendered":"<p>Kalevi Kanto aloitti rakennusalan yritt\u00e4j\u00e4n\u00e4 huhtikuussa 1975. Osakeyhti\u00f6muotoisena perheyrityksen\u00e4 yhti\u00f6mme on toiminut vuodesta 1994. Talvella 2011 yrityksess\u00e4mme tehtiin sukupolven vaihdos jonka seurauksena koko osakekanta siirtyi 1.4.2011 Kaj Kannolle. Yrityksemme toiminta &#8230; <\/p>\n<div class=\"text-center\"><a class=\"more-link\" href=\"https:\/\/kantorakennus.fi\/\">Read More <i class=\"fa fa-angle-double-right\"><\/i><\/a><\/div>\n","protected":false},"author":2,"featured_media":0,"parent":0,"menu_order":0,"comment_status":"closed","ping_status":"closed","template":"","meta":{"footnotes":""},"_links":{"self":[{"href":"https:\/\/kantorakennus.fi\/index.php\/wp-json\/wp\/v2\/pages\/12"}],"collection":[{"href":"https:\/\/kantorakennus.fi\/index.php\/wp-json\/wp\/v2\/pages"}],"about":[{"href":"https:\/\/kantorakennus.fi\/index.php\/wp-json\/wp\/v2\/types\/page"}],"author":[{"embeddable":true,"href":"https:\/\/kantorakennus.fi\/index.php\/wp-json\/wp\/v2\/users\/2"}],"replies":[{"embeddable":true,"href":"https:\/\/kantorakennus.fi\/index.php\/wp-json\/wp\/v2\/comments?post=12"}],"version-history":[{"count":1,"href":"https:\/\/kantorakennus.fi\/index.php\/wp-json\/wp\/v2\/pages\/12\/revisions"}],"predecessor-version":[{"id":13,"href":"https:\/\/kantorakennus.fi\/index.php\/wp-json\/wp\/v2\/pages\/12\/revisions\/13"}],"wp:attachment":[{"href":"https:\/\/kantorakennus.fi\/index.php\/wp-json\/wp\/v2\/media?parent=12"}],"curies":[{"name":"wp","href":"https:\/\/api.w.org\/{rel}","templated":true}]}}